{"id":1239,"date":"2024-12-19T15:04:49","date_gmt":"2024-12-19T15:04:49","guid":{"rendered":"https:\/\/edidev.online\/es-projektai\/"},"modified":"2024-12-19T15:10:33","modified_gmt":"2024-12-19T15:10:33","slug":"es-projektai","status":"publish","type":"page","link":"https:\/\/edidev.online\/lt\/es-projektai\/","title":{"rendered":"ES projektai"},"content":{"rendered":"\t\t<div data-elementor-type=\"wp-page\" data-elementor-id=\"1239\" class=\"elementor elementor-1239 elementor-1204\" data-elementor-post-type=\"page\">\n\t\t\t\t<div class=\"elementor-element elementor-element-e850d85 e-con-full e-flex e-con e-parent\" data-id=\"e850d85\" data-element_type=\"container\" data-settings=\"{&quot;background_background&quot;:&quot;classic&quot;}\">\n\t\t<div class=\"elementor-element elementor-element-debc123 e-con-full e-flex e-con e-child\" data-id=\"debc123\" data-element_type=\"container\">\n\t\t<div class=\"elementor-element elementor-element-24a6b15 e-flex e-con-boxed e-con e-child\" data-id=\"24a6b15\" data-element_type=\"container\">\n\t\t\t\t\t<div class=\"e-con-inner\">\n\t\t\t\t<div class=\"elementor-element elementor-element-a2d01c8 elementor-widget elementor-widget-image\" data-id=\"a2d01c8\" data-element_type=\"widget\" data-widget_type=\"image.default\">\n\t\t\t\t<div class=\"elementor-widget-container\">\n\t\t\t\t\t\t\t\t\t\t\t\t\t\t\t<img fetchpriority=\"high\" decoding=\"async\" width=\"1024\" height=\"235\" src=\"https:\/\/edidev.online\/wp-content\/uploads\/2024\/12\/LT_Co-fundedbytheEU_RGB_NEG-1024x235.png\" class=\"attachment-large size-large wp-image-1209\" alt=\"\" srcset=\"https:\/\/edidev.online\/wp-content\/uploads\/2024\/12\/LT_Co-fundedbytheEU_RGB_NEG-1024x235.png 1024w, https:\/\/edidev.online\/wp-content\/uploads\/2024\/12\/LT_Co-fundedbytheEU_RGB_NEG-300x69.png 300w, https:\/\/edidev.online\/wp-content\/uploads\/2024\/12\/LT_Co-fundedbytheEU_RGB_NEG-768x176.png 768w, https:\/\/edidev.online\/wp-content\/uploads\/2024\/12\/LT_Co-fundedbytheEU_RGB_NEG-1536x353.png 1536w, https:\/\/edidev.online\/wp-content\/uploads\/2024\/12\/LT_Co-fundedbytheEU_RGB_NEG-2048x471.png 2048w\" sizes=\"(max-width: 1024px) 100vw, 1024px\" \/>\t\t\t\t\t\t\t\t\t\t\t\t\t\t\t<\/div>\n\t\t\t\t<\/div>\n\t\t\t\t<div class=\"elementor-element elementor-element-1fd3cc9 elementor-widget elementor-widget-heading\" data-id=\"1fd3cc9\" data-element_type=\"widget\" data-widget_type=\"heading.default\">\n\t\t\t\t<div class=\"elementor-widget-container\">\n\t\t\t\t\t<h2 class=\"elementor-heading-title elementor-size-default\">\u012egyvendiname projekt\u0105 \u201eUAB Edidev skaitmenizavimas\u201c<\/h2>\t\t\t\t<\/div>\n\t\t\t\t<\/div>\n\t\t\t\t<div class=\"elementor-element elementor-element-a35b4ea elementor-widget elementor-widget-text-editor\" data-id=\"a35b4ea\" data-element_type=\"widget\" data-widget_type=\"text-editor.default\">\n\t\t\t\t<div class=\"elementor-widget-container\">\n\t\t\t\t\t\t\t\t\t<p>UAB Edidev projektui Nr. 02-042-T-0073 \u201eUAB Edidev skaitmenizavimas\u201c skirtas 6 000 Eur finansavimas pagal priemon\u0119 \u201eSkaitmeniniai MV\u012e \u010dekiai\u201c. Projekto vert\u0117 \u2013 12 001 Eur.<\/p>\n<p>\u012egyvendinamu projektu \u012fmon\u0117 siekia skatinti skaitmenini\u0173 kompetencij\u0173 pl\u0117tr\u0105 dirbtinio intelekto ir kibernetinio saugumo taikymo srityse.<\/p>\n<p>DI gali pad\u0117ti automatizuoti dal\u012f programavimo proceso, pavyzd\u017eiui, generuoti kodo fragmentus arba atlikti automatizuotus testus. Tai leid\u017eia suma\u017einti rankinio darbo apimt\u012f, padidinti produktyvum\u0105 ir suma\u017einti klaid\u0173 tikimyb\u0119. UAB Edidev gali kurti DI pagrindu veikian\u010dius sprendimus, pritaikytus specifiniams klient\u0173 poreikiams, pavyzd\u017eiui, i\u0161manias rekomendacij\u0173 sistemas, automatizuotas pagalbos priemones ar pa\u017eangius duomen\u0173 analiz\u0117s \u012frankius. Tai leid\u017eia pasi\u016blyti inovatyvius produktus, kurie suteikia klientams prid\u0117tin\u0119 vert\u0119. \u012egyvendindama DI sprendimus, UAB Edidev gali tapti rinkos lydere, kuri si\u016blo inovatyvius, ateities poreikius atitinkan\u010dius sprendimus. Kadangi UAB Edidev kuria ir diegia programin\u0119 \u012frang\u0105, kurioje da\u017enai saugomi jautr\u016bs duomenys, kibernetinis saugumas yra b\u016btinas u\u017etikrinti \u0161i\u0173 duomen\u0173 apsaug\u0105 nuo neteis\u0117tos prieigos, duomen\u0173 vagyst\u0117s ar kibernetini\u0173 atak\u0173. Klientai labiau pasitiki \u012fmon\u0117mis, kurios gali u\u017etikrinti auk\u0161\u010diausio lygio kibernetin\u012f saugum\u0105, nes tai rei\u0161kia, kad j\u0173 duomenys ir sistemos yra apsaugotos nuo gr\u0117smi\u0173. Kibernetinio saugumo sprendimai gali apsaugoti \u012fmon\u0117s vidinius tinklus, serverius ir sistemas nuo kenk\u0117ji\u0161k\u0173 program\u0173, virus\u0173 ir kit\u0173 gr\u0117smi\u0173. Tai leist\u0173 u\u017etikrinti skland\u0173 \u012fmon\u0117s veiklos t\u0119stinum\u0105. Jei programin\u0117 \u012franga ar duomenys patirt\u0173 kibernetin\u0119 atak\u0105, tai gal\u0117t\u0173 rimtai pakenkti \u012fmon\u0117s reputacijai. S\u0117kmingai \u012fgyvendinti kibernetinio saugumo sprendimai suma\u017eint\u0173 \u0161i\u0105 rizik\u0105 ir pad\u0117t\u0173 i\u0161laikyti klient\u0173 pasitik\u0117jim\u0105.<\/p>\n<p>Projektas prad\u0117tas 2024 m. lapkri\u010dio 19 d. ir bus \u012fgyvendintas iki 2025 m. lapkri\u010dio 19 d.<\/p>\n<p>Projekt\u0105 bendrai finansuoja Europos S\u0105junga.<\/p>\n\t\t\t\t\t\t\t\t<\/div>\n\t\t\t\t<\/div>\n\t\t\t\t\t<\/div>\n\t\t\t\t<\/div>\n\t\t\t\t<\/div>\n\t\t\t\t<\/div>\n\t\t\t\t<\/div>\n\t\t","protected":false},"excerpt":{"rendered":"<p>\u012egyvendiname projekt\u0105 \u201eUAB Edidev skaitmenizavimas\u201c UAB Edidev projektui Nr. 02-042-T-0073 \u201eUAB Edidev skaitmenizavimas\u201c skirtas 6 000 Eur finansavimas pagal priemon\u0119 \u201eSkaitmeniniai MV\u012e \u010dekiai\u201c. Projekto vert\u0117 \u2013 12 001 Eur. \u012egyvendinamu projektu \u012fmon\u0117 siekia skatinti skaitmenini\u0173 kompetencij\u0173 pl\u0117tr\u0105 dirbtinio intelekto ir kibernetinio saugumo taikymo srityse. DI gali pad\u0117ti automatizuoti dal\u012f programavimo proceso, pavyzd\u017eiui, generuoti kodo fragmentus [&hellip;]<\/p>\n","protected":false},"author":1,"featured_media":0,"parent":0,"menu_order":0,"comment_status":"closed","ping_status":"closed","template":"elementor_header_footer","meta":{"ocean_post_layout":"","ocean_both_sidebars_style":"","ocean_both_sidebars_content_width":0,"ocean_both_sidebars_sidebars_width":0,"ocean_sidebar":"0","ocean_second_sidebar":"0","ocean_disable_margins":"enable","ocean_add_body_class":"","ocean_shortcode_before_top_bar":"","ocean_shortcode_after_top_bar":"","ocean_shortcode_before_header":"","ocean_shortcode_after_header":"","ocean_has_shortcode":"","ocean_shortcode_after_title":"","ocean_shortcode_before_footer_widgets":"","ocean_shortcode_after_footer_widgets":"","ocean_shortcode_before_footer_bottom":"","ocean_shortcode_after_footer_bottom":"","ocean_display_top_bar":"default","ocean_display_header":"default","ocean_header_style":"","ocean_center_header_left_menu":"0","ocean_custom_header_template":"0","ocean_custom_logo":0,"ocean_custom_retina_logo":0,"ocean_custom_logo_max_width":0,"ocean_custom_logo_tablet_max_width":0,"ocean_custom_logo_mobile_max_width":0,"ocean_custom_logo_max_height":0,"ocean_custom_logo_tablet_max_height":0,"ocean_custom_logo_mobile_max_height":0,"ocean_header_custom_menu":"0","ocean_menu_typo_font_family":"0","ocean_menu_typo_font_subset":"","ocean_menu_typo_font_size":0,"ocean_menu_typo_font_size_tablet":0,"ocean_menu_typo_font_size_mobile":0,"ocean_menu_typo_font_size_unit":"px","ocean_menu_typo_font_weight":"","ocean_menu_typo_font_weight_tablet":"","ocean_menu_typo_font_weight_mobile":"","ocean_menu_typo_transform":"","ocean_menu_typo_transform_tablet":"","ocean_menu_typo_transform_mobile":"","ocean_menu_typo_line_height":0,"ocean_menu_typo_line_height_tablet":0,"ocean_menu_typo_line_height_mobile":0,"ocean_menu_typo_line_height_unit":"","ocean_menu_typo_spacing":0,"ocean_menu_typo_spacing_tablet":0,"ocean_menu_typo_spacing_mobile":0,"ocean_menu_typo_spacing_unit":"","ocean_menu_link_color":"","ocean_menu_link_color_hover":"","ocean_menu_link_color_active":"","ocean_menu_link_background":"","ocean_menu_link_hover_background":"","ocean_menu_link_active_background":"","ocean_menu_social_links_bg":"","ocean_menu_social_hover_links_bg":"","ocean_menu_social_links_color":"","ocean_menu_social_hover_links_color":"","ocean_disable_title":"default","ocean_disable_heading":"default","ocean_post_title":"","ocean_post_subheading":"","ocean_post_title_style":"","ocean_post_title_background_color":"","ocean_post_title_background":0,"ocean_post_title_bg_image_position":"","ocean_post_title_bg_image_attachment":"","ocean_post_title_bg_image_repeat":"","ocean_post_title_bg_image_size":"","ocean_post_title_height":0,"ocean_post_title_bg_overlay":0.5,"ocean_post_title_bg_overlay_color":"","ocean_disable_breadcrumbs":"default","ocean_breadcrumbs_color":"","ocean_breadcrumbs_separator_color":"","ocean_breadcrumbs_links_color":"","ocean_breadcrumbs_links_hover_color":"","ocean_display_footer_widgets":"default","ocean_display_footer_bottom":"default","ocean_custom_footer_template":"0","footnotes":""},"class_list":["post-1239","page","type-page","status-publish","hentry","entry"],"_links":{"self":[{"href":"https:\/\/edidev.online\/lt\/wp-json\/wp\/v2\/pages\/1239","targetHints":{"allow":["GET"]}}],"collection":[{"href":"https:\/\/edidev.online\/lt\/wp-json\/wp\/v2\/pages"}],"about":[{"href":"https:\/\/edidev.online\/lt\/wp-json\/wp\/v2\/types\/page"}],"author":[{"embeddable":true,"href":"https:\/\/edidev.online\/lt\/wp-json\/wp\/v2\/users\/1"}],"replies":[{"embeddable":true,"href":"https:\/\/edidev.online\/lt\/wp-json\/wp\/v2\/comments?post=1239"}],"version-history":[{"count":1,"href":"https:\/\/edidev.online\/lt\/wp-json\/wp\/v2\/pages\/1239\/revisions"}],"predecessor-version":[{"id":1240,"href":"https:\/\/edidev.online\/lt\/wp-json\/wp\/v2\/pages\/1239\/revisions\/1240"}],"wp:attachment":[{"href":"https:\/\/edidev.online\/lt\/wp-json\/wp\/v2\/media?parent=1239"}],"curies":[{"name":"wp","href":"https:\/\/api.w.org\/{rel}","templated":true}]}}